{"id":77691,"date":"2024-09-20T16:38:50","date_gmt":"2024-09-20T14:38:50","guid":{"rendered":"https:\/\/park-wp.opurecreation.com\/?page_id=77691"},"modified":"2024-09-26T16:50:35","modified_gmt":"2024-09-26T14:50:35","slug":"mentions-legales","status":"publish","type":"page","link":"https:\/\/www.park-cognac.com\/en\/mentions-legales\/","title":{"rendered":"Mentions L\u00e9gales"},"content":{"rendered":"<div data-elementor-type=\"wp-page\" data-elementor-id=\"77691\" class=\"elementor elementor-77691\" data-elementor-post-type=\"page\">\n\t\t\t\t<div class=\"elementor-element elementor-element-76d52bf e-flex e-con-boxed e-con e-parent\" data-id=\"76d52bf\" data-element_type=\"container\">\n\t\t\t\t\t<div class=\"e-con-inner\">\n\t\t\t\t\t<\/div>\n\t\t\t\t<\/div>\n\t\t<div class=\"elementor-element elementor-element-65e93f4 e-flex e-con-boxed e-con e-parent\" data-id=\"65e93f4\" data-element_type=\"container\">\n\t\t\t\t\t<div class=\"e-con-inner\">\n\t\t\t\t<div class=\"elementor-element elementor-element-d829907 elementor-widget elementor-widget-text-editor\" data-id=\"d829907\" data-element_type=\"widget\" data-widget_type=\"text-editor.default\">\n\t\t\t\t<div class=\"elementor-widget-container\">\n\t\t\t\t\t\t\t<p><strong>\u00a0I.\u00a0\u00a0\u00a0\u00a0\u00a0\u00a0\u00a0\u00a0\u00a0\u00a0<\/strong><strong>EDITEUR-CONTACT\u00a0:<\/strong><\/p><p>Le site internet\u00a0<a href=\"http:\/\/www.cognac-park.com\/\">www.park-cognac.com<\/a>\u00a0(ci-apr\u00e8s le \u00ab\u00a0Site\u00a0\u00bb) est \u00e9dit\u00e9 par DISTILLERIE TESSENDIER ET FILS, Soci\u00e9t\u00e9 par actions simplifi\u00e9e.<\/p><ul><li>Capital social\u00a0: 1\u00a0500\u00a0118,98 \u20ac<\/li><li>Immatricul\u00e9e sous le num\u00e9ro\u00a0: 905\u00a0420\u00a0295 RCS Angoul\u00eame<\/li><li>Adresse du si\u00e8ge social\u00a0: 94 Rue Robert Daugas, 16100 Cognac, France<\/li><li>N\u00b0 de TVA\u00a0: FR64905420295<\/li><\/ul><p><strong>Directeur de publication\u00a0:<\/strong>\u00a0J\u00e9r\u00f4me Tessendier, Directeur G\u00e9n\u00e9ral<\/p><p>Pour toute question relative au Site, veuillez envoyer un e-mail \u00e0 l\u2019adresse \u00e9lectronique suivante\u00a0:\u00a0<a href=\"mailto:contact@cognac-tessendier.com\">contact@distillerie-tessendier.com<\/a><\/p><p><strong>Conception, r\u00e9alisation et H\u00e9bergement\u00a0:<\/strong><\/p><p>Le Site est h\u00e9berg\u00e9 par la soci\u00e9t\u00e9 O&rsquo;Pure Cr\u00e9ation<\/p><ul><li>Adresse du si\u00e8ge social : 656 rue de Cognac 16200 Nercillac<\/li><li>T\u00e9l. : +33 (0)6 11 79 36 56<\/li><\/ul><div><strong>Cr\u00e9dits photos<\/strong> : Mathieu Martines, Gilles de Beauch\u00eane<\/div><div>\u00a0<\/div><p><strong>\u00a0\u00a0\u00a0\u00a0 II.\u00a0\u00a0\u00a0\u00a0\u00a0\u00a0\u00a0\u00a0\u00a0\u00a0<\/strong><strong>CONDITIONS GENERALES D\u2019UTILISATION DU SITE INTERNET\u00a0:<\/strong><\/p><p>Le site est publi\u00e9 par DISTILLERIE TESSENDIER ET FILS, soci\u00e9t\u00e9 de droit fran\u00e7ais au capital de 1 500 118,98 euros dont le si\u00e8ge social est situ\u00e9 94 rue Robert Daugas 16100 Cognac, France, immatricul\u00e9e au RCS d\u2019Angoul\u00eame sous le n\u00b0 905420295 (ci-apr\u00e8s Distillerie Tessendier).<\/p><p>L\u2019utilisation du Site par toute personne (ci-apr\u00e8s \u00ab\u00a0vous\u00a0\u00bb ou \u00ab\u00a0l\u2019utilisateur\u00a0\u00bb), quel que soit l\u2019objet de sa visite, est r\u00e9gie par les pr\u00e9sentes conditions g\u00e9n\u00e9rales d\u2019utilisation (ci-apr\u00e8s les \u00ab\u00a0Conditions G\u00e9n\u00e9rales d\u2019Utilisation\u00a0\u00bb). Les Conditions G\u00e9n\u00e9rales d\u2019Utilisation ont pour objet de d\u00e9finir les conditions d\u2019acc\u00e8s, de navigation et d\u2019utilisation du Site.<\/p><p>En acc\u00e9dant et utilisant le Site, vous acceptez sans r\u00e9serve l\u2019application des Conditions G\u00e9n\u00e9rales d\u2019Utilisation et des clauses applicables en mati\u00e8re de protection des donn\u00e9es personnelles (Voir la Politique de protection des donn\u00e9es &amp; Cookies).<\/p><p>La Distillerie Tessendier peut \u00e0 tout moment modifier et mettre \u00e0 jour les Conditions G\u00e9n\u00e9rales d\u2019Utilisation, les donn\u00e9es l\u00e9gales, et la Charte de Donn\u00e9es Personnelles &amp; Cookies. L\u2019utilisateur est invit\u00e9 \u00e0 les consulter en ligne r\u00e9guli\u00e8rement.<\/p><p>Pour acc\u00e9der au Site, vous devez avoir atteint l\u2019\u00e2ge l\u00e9gal de consommation et\/ou d\u2019achat d\u2019alcool selon la l\u00e9gislation en vigueur dans votre lieu de r\u00e9sidence (l\u2019\u00e2ge le plus \u00e9lev\u00e9 \u00e9tant celui pris en consid\u00e9ration).<\/p><ol><li><strong>NAVIGATION SUR LE SITE<\/strong><\/li><\/ol><p><strong>1.1.\u00a0\u00a0<\/strong><strong>Acc\u00e8s au Site<\/strong><\/p><p>Les mat\u00e9riels et logiciels n\u00e9cessaires pour l\u2019acc\u00e8s \u00e0 Internet et au Site rel\u00e8vent de la responsabilit\u00e9 des utilisateurs du Site.<\/p><p>La Distillerie Tessendier se r\u00e9serve le droit, \u00e0 sa seule discr\u00e9tion, de suspendre ou mettre fin \u00e0 l\u2019acc\u00e8s \u00e0 tout ou partie du Site, de son contenu ou services propos\u00e9s sur le Site, sans notification pr\u00e9alable et sans que cela soit susceptible de donner lieu \u00e0 une quelconque indemnisation au profit d\u2019un utilisateur.<\/p><p>Il est strictement interdit de modifier les \u00e9l\u00e9ments logiciels du Site en vue d\u2019obtenir un acc\u00e8s non autoris\u00e9 au Site.<\/p><p><strong>1.2.\u00a0\u00a0<\/strong><strong>Liens hypertextes<\/strong><\/p><p>Le Site peut pr\u00e9senter des liens vers d\u2019autres sites ou d\u2019autres sources Internet. Dans la mesure o\u00f9 la Distillerie Tessendier ne peut contr\u00f4ler ces sites et ces sources externes, la Distillerie Tessendier ne saurait \u00eatre tenue responsable du contenu, publicit\u00e9s, produits, services ou tout autre \u00e9l\u00e9ment disponible sur ces sites ou sources externes.<\/p><p>De plus, la Distillerie Tessendier ne pourra \u00eatre tenue responsable de tous dommages ou pertes (av\u00e9r\u00e9s ou all\u00e9gu\u00e9s) d\u00e9coulant directement ou indirectement de l\u2019utilisation du contenu, des biens ou services disponibles sur ces sites ou sources externes.<\/p><p><strong>1.3.\u00a0\u00a0<\/strong><strong>environnement<\/strong><\/p><p>Nos emballages peuvent faire l\u2019objet de consignes de tri.<\/p><p><strong>1.4.\u00a0\u00a0<\/strong><strong>Comportement des utilisateurs<\/strong><\/p><p>Chaque utilisateur du Site garantit\u00a0:<\/p><ul><li>Avoir l\u2019\u00e2ge l\u00e9gal requis pour consommer et\/ou acheter de l\u2019alcool selon la l\u00e9gislation en vigueur dans son lieu de r\u00e9sidence\u00a0;<\/li><li>Utiliser le Site \u00e0 des fins licites et personnelles, \u00e0 l\u2019exclusion de toute utilisation \u00e0 des fins commerciales, sauf accord \u00e9crit et pr\u00e9alable de la Distillerie Tessendier\u00a0;<\/li><li>Que, le cas \u00e9ch\u00e9ant, les donn\u00e9es qu\u2019il fournit sont exactes, sinc\u00e8res et \u00e0 jour.<\/li><\/ul><p>Il est interdit \u00e0 l\u2019utilisateur de faire toutes d\u00e9clarations et\/ou d\u2019agir au nom et\/ou pour le compte de la Distillerie Tessendier, de ses filiales et soci\u00e9t\u00e9s affili\u00e9es ainsi que de leurs actionnaires, administrateurs, dirigeants et salari\u00e9s respectifs, pour quelque cause que ce soit.<\/p><ol start=\"2\"><li><strong>PROTECTION DU CONTENU DU SITE<\/strong><\/li><\/ol><p>Le Site et chacun des \u00e9l\u00e9ments qui le composent (tels que textes, arborescences, logiciels, animations, photographies, illustrations, images, sch\u00e9mas, bandes sonores, textes, logos, marques, dessins et mod\u00e8les), y compris les \u00e9l\u00e9ments de logiciels n\u00e9cessaires au fonctionnement du Site, bases de donn\u00e9es et newsletter (ci-apr\u00e8s le \u00ab\u00a0Contenu\u00a0\u00bb) peuvent contenir des informations confidentielles et des donn\u00e9es prot\u00e9g\u00e9es par le droit de la propri\u00e9t\u00e9 intellectuelle ou toute autre loi applicable. Ainsi, sauf mention contraire sur le Site, les droits de propri\u00e9t\u00e9 intellectuelle sur le Contenu sont la propri\u00e9t\u00e9 exclusive de la Distillerie Tessendier, celle-ci ne conc\u00e9dant \u00e0 l\u2019utilisateur aucune licence, ni aucun autre droit que celui de consulter le Site.<\/p><p>La reproduction de tout ou partie du Contenu est autoris\u00e9e uniquement aux fins d\u2019information pour un usage personnel et priv\u00e9, toute reproduction et tout utilisation de copies du Contenu r\u00e9alis\u00e9es \u00e0 d\u2019autres fins, de quelque mani\u00e8re que ce soit et sous quelque forme que ce soit, \u00e9tant express\u00e9ment interdites.<\/p><p>Il est \u00e9galement interdit de copier, modifier, cr\u00e9er une \u0153uvre d\u00e9riv\u00e9e, assembler, d\u00e9compiler, c\u00e9der, sous-licencier ou transf\u00e9rer de quelque mani\u00e8re que se soit tout droit aff\u00e9rent au Contenu ou au Site.<\/p><ol start=\"3\"><li><strong>DONNEES PERSONNELLES<\/strong><\/li><\/ol><p>La Distillerie Tessendier veille \u00e0 la protection des donn\u00e9es personnelles transmises par les utilisateurs du Site. La Distillerie Tessendier invite les utilisateurs du Site \u00e0 consulter la Politique de protection des donn\u00e9es &amp; Cookies qui pr\u00e9cise les dispositions mises en place pour garantir le traitement des donn\u00e9es (la collecte, le traitement, l\u2019usage, la transmission, la conservation et la protection de vos donn\u00e9es personnelles).<\/p><ol start=\"4\"><li><strong>RESPONSABILITE<\/strong><\/li><\/ol><p>La Distillerie Tessendier s\u2019efforce d\u2019assurer au mieux de ses possibilit\u00e9s l\u2019exactitude et la mise \u00e0 jour des informations diffus\u00e9es sur le Site. Toutefois, la Distillerie Tessendier ne peut garantir l\u2019exactitude, la pr\u00e9cision ou l\u2019exhaustivit\u00e9 des informations mises \u00e0 la disposition des utilisateurs sur le Site.<\/p><p>La Distillerie Tessendier permet l\u2019acc\u00e8s au Site \u00e0 titre gratuit et d\u00e9cline toute responsabilit\u00e9\u00a0:<\/p><ul><li>Pour toute interruption du Site\u00a0;<\/li><li>En cas de survenance de bogues, de virus informatiques, d\u2019erreurs d\u2019affichage ou de t\u00e9l\u00e9chargement\u00a0;<\/li><li>Pour toute inexactitude ou omission portant sur le Contenu disponible sur le Site\u00a0;<\/li><li>Pour tous dommages r\u00e9sultant d\u2019une intrusion frauduleuse d\u2019un tiers\u00a0;<\/li><li>Et plus g\u00e9n\u00e9ralement pour tous les dommages directs et indirects, quelles qu\u2019en soient les causes ou provenant directement ou indirectement du Site.<\/li><\/ul><ol start=\"4\"><li><strong>DROITS D\u2019AUTEUR<\/strong><\/li><\/ol><p>Le contenu de ce site est prot\u00e9g\u00e9 par les droits d\u2019auteur en application de l\u2019article L122-4 du code de la propri\u00e9t\u00e9 intellectuelle. Les images et les textes de ce site internet sont la propri\u00e9t\u00e9 de la Soci\u00e9t\u00e9 DISTILLERIE TESSENDIER. La reproduction, l\u2019utilisation, l\u2019exploitation des photographies, des images, des cartes, des textes, des extractions de base de donn\u00e9es, des \u00e9l\u00e9ments de conception graphique et en r\u00e8gle g\u00e9n\u00e9rale de tous les \u00e9l\u00e9ments de publication du site sont interdites sans accord pr\u00e9alable de la Soci\u00e9t\u00e9 DISTILLERIE TESSENDIER Le non-respect de cette interdiction constitue une contrefa\u00e7on pouvant engager la responsabilit\u00e9 civile et p\u00e9nale du contrefacteur.<\/p><ol start=\"5\"><li><strong>PROPRIETE INTELLECTUELLE<\/strong><\/li><\/ol><p>La pr\u00e9sentation et le contenu du site de la Soci\u00e9t\u00e9 DISTILLERIE TESSENDIER constituent des \u0153uvres prot\u00e9g\u00e9es par la l\u00e9gislation fran\u00e7aise et internationale relative \u00e0 la propri\u00e9t\u00e9 intellectuelle. Les marques, les textes, les photographies, les donn\u00e9es, les graphiques, les vid\u00e9os, les images sont la propri\u00e9t\u00e9 de la Soci\u00e9t\u00e9 DISTILLERIE TESSENDIER. D\u00e8s lors, toute reproduction ou repr\u00e9sentation, partielle ou totale, sur quelque support que ce soit, ne peut \u00eatre faite sans le consentement pr\u00e9alable de la Soci\u00e9t\u00e9 DISTILLERIE TESSENDIER<\/p><ol start=\"6\"><li><strong>DROIT APPLICABLE ET JURIDICTION COMPETENTE<\/strong><\/li><\/ol><p>Les Conditions G\u00e9n\u00e9rales d\u2019Utilisation, ainsi que la Politique de protection des donn\u00e9es &amp; Cookies auxquelles il est fait r\u00e9f\u00e9rence sont r\u00e9gies par le droit fran\u00e7ais.<\/p><p>Sauf disposition l\u00e9gale imp\u00e9rative contraire, tout diff\u00e9rend concernant le Contenu et l\u2019utilisation du Site rel\u00e8ve de la comp\u00e9tence exclusive du tribunal comp\u00e9tent du ressort de notre si\u00e8ge social, y compris en cas de pluralit\u00e9 de d\u00e9fendeurs ou de proc\u00e9dure en r\u00e9f\u00e9r\u00e9 ou sur requ\u00eate.<\/p>\t\t\t\t\t\t<\/div>\n\t\t\t\t<\/div>\n\t\t\t\t\t<\/div>\n\t\t\t\t<\/div>\n\t\t\t\t<\/div>","protected":false},"excerpt":{"rendered":"<p>\u00a0I.\u00a0\u00a0\u00a0\u00a0\u00a0\u00a0\u00a0\u00a0\u00a0\u00a0EDITEUR-CONTACT\u00a0: Le site internet\u00a0www.park-cognac.com\u00a0(ci-apr\u00e8s le \u00ab\u00a0Site\u00a0\u00bb) est \u00e9dit\u00e9 par DISTILLERIE TESSENDIER ET FILS, Soci\u00e9t\u00e9 par actions simplifi\u00e9e. Capital social\u00a0: 1\u00a0500\u00a0118,98 \u20ac Immatricul\u00e9e sous le num\u00e9ro\u00a0: 905\u00a0420\u00a0295 RCS Angoul\u00eame Adresse du si\u00e8ge social\u00a0: 94 Rue Robert Daugas, 16100 Cognac, France N\u00b0 de TVA\u00a0: FR64905420295 Directeur de publication\u00a0:\u00a0J\u00e9r\u00f4me Tessendier, Directeur G\u00e9n\u00e9ral Pour toute question relative au Site, [&hellip;]<\/p>\n","protected":false},"author":1,"featured_media":0,"parent":0,"menu_order":0,"comment_status":"closed","ping_status":"closed","template":"","meta":{"footnotes":""},"class_list":["post-77691","page","type-page","status-publish","hentry"],"yoast_head":"<!-- This site is optimized with the Yoast SEO plugin v27.3 - https:\/\/yoast.com\/product\/yoast-seo-wordpress\/ -->\n<title>Mentions L\u00e9gales - Cognac Park<\/title>\n<meta name=\"robots\" content=\"index, follow, max-snippet:-1, max-image-preview:large, max-video-preview:-1\" \/>\n<link rel=\"canonical\" href=\"https:\/\/www.park-cognac.com\/en\/mentions-legales\/\" \/>\n<meta property=\"og:locale\" content=\"en_US\" \/>\n<meta property=\"og:type\" content=\"article\" \/>\n<meta property=\"og:title\" content=\"Mentions L\u00e9gales - Cognac Park\" \/>\n<meta property=\"og:description\" content=\"\u00a0I.\u00a0\u00a0\u00a0\u00a0\u00a0\u00a0\u00a0\u00a0\u00a0\u00a0EDITEUR-CONTACT\u00a0: Le site internet\u00a0www.park-cognac.com\u00a0(ci-apr\u00e8s le \u00ab\u00a0Site\u00a0\u00bb) est \u00e9dit\u00e9 par DISTILLERIE TESSENDIER ET FILS, Soci\u00e9t\u00e9 par actions simplifi\u00e9e. Capital social\u00a0: 1\u00a0500\u00a0118,98 \u20ac Immatricul\u00e9e sous le num\u00e9ro\u00a0: 905\u00a0420\u00a0295 RCS Angoul\u00eame Adresse du si\u00e8ge social\u00a0: 94 Rue Robert Daugas, 16100 Cognac, France N\u00b0 de TVA\u00a0: FR64905420295 Directeur de publication\u00a0:\u00a0J\u00e9r\u00f4me Tessendier, Directeur G\u00e9n\u00e9ral Pour toute question relative au Site, [&hellip;]\" \/>\n<meta property=\"og:url\" content=\"https:\/\/www.park-cognac.com\/en\/mentions-legales\/\" \/>\n<meta property=\"og:site_name\" content=\"Cognac Park\" \/>\n<meta property=\"article:publisher\" content=\"https:\/\/www.facebook.com\/CognacPark\" \/>\n<meta property=\"article:modified_time\" content=\"2024-09-26T14:50:35+00:00\" \/>\n<meta name=\"twitter:card\" content=\"summary_large_image\" \/>\n<meta name=\"twitter:label1\" content=\"Est. reading time\" \/>\n\t<meta name=\"twitter:data1\" content=\"7 minutes\" \/>\n<script type=\"application\/ld+json\" class=\"yoast-schema-graph\">{\"@context\":\"https:\\\/\\\/schema.org\",\"@graph\":[{\"@type\":\"WebPage\",\"@id\":\"https:\\\/\\\/www.park-cognac.com\\\/mentions-legales\\\/\",\"url\":\"https:\\\/\\\/www.park-cognac.com\\\/mentions-legales\\\/\",\"name\":\"Mentions L\u00e9gales - Cognac Park\",\"isPartOf\":{\"@id\":\"https:\\\/\\\/www.park-cognac.com\\\/#website\"},\"datePublished\":\"2024-09-20T14:38:50+00:00\",\"dateModified\":\"2024-09-26T14:50:35+00:00\",\"breadcrumb\":{\"@id\":\"https:\\\/\\\/www.park-cognac.com\\\/mentions-legales\\\/#breadcrumb\"},\"inLanguage\":\"en-US\",\"potentialAction\":[{\"@type\":\"ReadAction\",\"target\":[\"https:\\\/\\\/www.park-cognac.com\\\/mentions-legales\\\/\"]}]},{\"@type\":\"BreadcrumbList\",\"@id\":\"https:\\\/\\\/www.park-cognac.com\\\/mentions-legales\\\/#breadcrumb\",\"itemListElement\":[{\"@type\":\"ListItem\",\"position\":1,\"name\":\"Accueil\",\"item\":\"https:\\\/\\\/www.park-cognac.com\\\/\"},{\"@type\":\"ListItem\",\"position\":2,\"name\":\"Mentions L\u00e9gales\"}]},{\"@type\":\"WebSite\",\"@id\":\"https:\\\/\\\/www.park-cognac.com\\\/#website\",\"url\":\"https:\\\/\\\/www.park-cognac.com\\\/\",\"name\":\"Cognac Park\",\"description\":\"\",\"publisher\":{\"@id\":\"https:\\\/\\\/www.park-cognac.com\\\/#organization\"},\"potentialAction\":[{\"@type\":\"SearchAction\",\"target\":{\"@type\":\"EntryPoint\",\"urlTemplate\":\"https:\\\/\\\/www.park-cognac.com\\\/?s={search_term_string}\"},\"query-input\":{\"@type\":\"PropertyValueSpecification\",\"valueRequired\":true,\"valueName\":\"search_term_string\"}}],\"inLanguage\":\"en-US\"},{\"@type\":\"Organization\",\"@id\":\"https:\\\/\\\/www.park-cognac.com\\\/#organization\",\"name\":\"Cognac Park\",\"url\":\"https:\\\/\\\/www.park-cognac.com\\\/\",\"logo\":{\"@type\":\"ImageObject\",\"inLanguage\":\"en-US\",\"@id\":\"https:\\\/\\\/www.park-cognac.com\\\/#\\\/schema\\\/logo\\\/image\\\/\",\"url\":\"https:\\\/\\\/www.park-cognac.com\\\/wp-content\\\/uploads\\\/2024\\\/07\\\/logo-park.jpg\",\"contentUrl\":\"https:\\\/\\\/www.park-cognac.com\\\/wp-content\\\/uploads\\\/2024\\\/07\\\/logo-park.jpg\",\"width\":813,\"height\":813,\"caption\":\"Cognac Park\"},\"image\":{\"@id\":\"https:\\\/\\\/www.park-cognac.com\\\/#\\\/schema\\\/logo\\\/image\\\/\"},\"sameAs\":[\"https:\\\/\\\/www.facebook.com\\\/CognacPark\",\"https:\\\/\\\/www.linkedin.com\\\/company\\\/distillerie-tessendier-et-fils\\\/?originalSubdomain=fr\"]}]}<\/script>\n<!-- \/ Yoast SEO plugin. -->","yoast_head_json":{"title":"Mentions L\u00e9gales - Cognac Park","robots":{"index":"index","follow":"follow","max-snippet":"max-snippet:-1","max-image-preview":"max-image-preview:large","max-video-preview":"max-video-preview:-1"},"canonical":"https:\/\/www.park-cognac.com\/en\/mentions-legales\/","og_locale":"en_US","og_type":"article","og_title":"Mentions L\u00e9gales - Cognac Park","og_description":"\u00a0I.\u00a0\u00a0\u00a0\u00a0\u00a0\u00a0\u00a0\u00a0\u00a0\u00a0EDITEUR-CONTACT\u00a0: Le site internet\u00a0www.park-cognac.com\u00a0(ci-apr\u00e8s le \u00ab\u00a0Site\u00a0\u00bb) est \u00e9dit\u00e9 par DISTILLERIE TESSENDIER ET FILS, Soci\u00e9t\u00e9 par actions simplifi\u00e9e. Capital social\u00a0: 1\u00a0500\u00a0118,98 \u20ac Immatricul\u00e9e sous le num\u00e9ro\u00a0: 905\u00a0420\u00a0295 RCS Angoul\u00eame Adresse du si\u00e8ge social\u00a0: 94 Rue Robert Daugas, 16100 Cognac, France N\u00b0 de TVA\u00a0: FR64905420295 Directeur de publication\u00a0:\u00a0J\u00e9r\u00f4me Tessendier, Directeur G\u00e9n\u00e9ral Pour toute question relative au Site, [&hellip;]","og_url":"https:\/\/www.park-cognac.com\/en\/mentions-legales\/","og_site_name":"Cognac Park","article_publisher":"https:\/\/www.facebook.com\/CognacPark","article_modified_time":"2024-09-26T14:50:35+00:00","twitter_card":"summary_large_image","twitter_misc":{"Est. reading time":"7 minutes"},"schema":{"@context":"https:\/\/schema.org","@graph":[{"@type":"WebPage","@id":"https:\/\/www.park-cognac.com\/mentions-legales\/","url":"https:\/\/www.park-cognac.com\/mentions-legales\/","name":"Mentions L\u00e9gales - Cognac Park","isPartOf":{"@id":"https:\/\/www.park-cognac.com\/#website"},"datePublished":"2024-09-20T14:38:50+00:00","dateModified":"2024-09-26T14:50:35+00:00","breadcrumb":{"@id":"https:\/\/www.park-cognac.com\/mentions-legales\/#breadcrumb"},"inLanguage":"en-US","potentialAction":[{"@type":"ReadAction","target":["https:\/\/www.park-cognac.com\/mentions-legales\/"]}]},{"@type":"BreadcrumbList","@id":"https:\/\/www.park-cognac.com\/mentions-legales\/#breadcrumb","itemListElement":[{"@type":"ListItem","position":1,"name":"Accueil","item":"https:\/\/www.park-cognac.com\/"},{"@type":"ListItem","position":2,"name":"Mentions L\u00e9gales"}]},{"@type":"WebSite","@id":"https:\/\/www.park-cognac.com\/#website","url":"https:\/\/www.park-cognac.com\/","name":"Cognac Park","description":"","publisher":{"@id":"https:\/\/www.park-cognac.com\/#organization"},"potentialAction":[{"@type":"SearchAction","target":{"@type":"EntryPoint","urlTemplate":"https:\/\/www.park-cognac.com\/?s={search_term_string}"},"query-input":{"@type":"PropertyValueSpecification","valueRequired":true,"valueName":"search_term_string"}}],"inLanguage":"en-US"},{"@type":"Organization","@id":"https:\/\/www.park-cognac.com\/#organization","name":"Cognac Park","url":"https:\/\/www.park-cognac.com\/","logo":{"@type":"ImageObject","inLanguage":"en-US","@id":"https:\/\/www.park-cognac.com\/#\/schema\/logo\/image\/","url":"https:\/\/www.park-cognac.com\/wp-content\/uploads\/2024\/07\/logo-park.jpg","contentUrl":"https:\/\/www.park-cognac.com\/wp-content\/uploads\/2024\/07\/logo-park.jpg","width":813,"height":813,"caption":"Cognac Park"},"image":{"@id":"https:\/\/www.park-cognac.com\/#\/schema\/logo\/image\/"},"sameAs":["https:\/\/www.facebook.com\/CognacPark","https:\/\/www.linkedin.com\/company\/distillerie-tessendier-et-fils\/?originalSubdomain=fr"]}]}},"_links":{"self":[{"href":"https:\/\/www.park-cognac.com\/en\/wp-json\/wp\/v2\/pages\/77691","targetHints":{"allow":["GET"]}}],"collection":[{"href":"https:\/\/www.park-cognac.com\/en\/wp-json\/wp\/v2\/pages"}],"about":[{"href":"https:\/\/www.park-cognac.com\/en\/wp-json\/wp\/v2\/types\/page"}],"author":[{"embeddable":true,"href":"https:\/\/www.park-cognac.com\/en\/wp-json\/wp\/v2\/users\/1"}],"replies":[{"embeddable":true,"href":"https:\/\/www.park-cognac.com\/en\/wp-json\/wp\/v2\/comments?post=77691"}],"version-history":[{"count":16,"href":"https:\/\/www.park-cognac.com\/en\/wp-json\/wp\/v2\/pages\/77691\/revisions"}],"predecessor-version":[{"id":78133,"href":"https:\/\/www.park-cognac.com\/en\/wp-json\/wp\/v2\/pages\/77691\/revisions\/78133"}],"wp:attachment":[{"href":"https:\/\/www.park-cognac.com\/en\/wp-json\/wp\/v2\/media?parent=77691"}],"curies":[{"name":"wp","href":"https:\/\/api.w.org\/{rel}","templated":true}]}}