{"id":77477,"date":"2024-09-19T14:08:32","date_gmt":"2024-09-19T12:08:32","guid":{"rendered":"https:\/\/park-wp.opurecreation.com\/?page_id=77477"},"modified":"2024-10-11T09:40:46","modified_gmt":"2024-10-11T07:40:46","slug":"politique-de-confidentialite","status":"publish","type":"page","link":"https:\/\/www.park-cognac.com\/en\/politique-de-confidentialite\/","title":{"rendered":"Privacy Policy"},"content":{"rendered":"<div data-elementor-type=\"wp-page\" data-elementor-id=\"77477\" class=\"elementor elementor-77477\" data-elementor-post-type=\"page\">\n\t\t\t\t<div class=\"elementor-element elementor-element-13af4f3 e-flex e-con-boxed e-con e-parent\" data-id=\"13af4f3\" data-element_type=\"container\">\n\t\t\t\t\t<div class=\"e-con-inner\">\n\t\t\t\t\t<\/div>\n\t\t\t\t<\/div>\n\t\t<div class=\"elementor-element elementor-element-2333c14 e-flex e-con-boxed e-con e-parent\" data-id=\"2333c14\" data-element_type=\"container\">\n\t\t\t\t\t<div class=\"e-con-inner\">\n\t\t\t\t<div class=\"elementor-element elementor-element-bfaf025 gout elementor-widget elementor-widget-heading\" data-id=\"bfaf025\" data-element_type=\"widget\" data-widget_type=\"heading.default\">\n\t\t\t\t<div class=\"elementor-widget-container\">\n\t\t\t<h5 class=\"elementor-heading-title elementor-size-default\">POLITIQUE DE CONFIDENTIALITE<\/h5>\t\t<\/div>\n\t\t\t\t<\/div>\n\t\t\t\t<div class=\"elementor-element elementor-element-32096a3 elementor-widget elementor-widget-text-editor\" data-id=\"32096a3\" data-element_type=\"widget\" data-widget_type=\"text-editor.default\">\n\t\t\t\t<div class=\"elementor-widget-container\">\n\t\t\t\t\t\t\tLa pr\u00e9sente politique de confidentialit\u00e9 a pour but d\u2019informer les utilisateurs du site :\n<ul>\n \t<li>Sur la mani\u00e8re dont sont collect\u00e9es leurs donn\u00e9es personnelles. Sont consid\u00e9r\u00e9es comme des donn\u00e9es personnelles, toute information permettant d\u2019identifier un utilisateur. A ce titre, il peut s\u2019agir : de ses noms et pr\u00e9noms, de son \u00e2ge, de son adresse postale ou email, de sa localisation ou encore de son adresse IP (liste non-exhaustive) ;<\/li>\n \t<li>Sur les droits dont ils disposent concernant ces donn\u00e9es ;<\/li>\n \t<li>Sur la personne responsable du traitement des donn\u00e9es \u00e0 caract\u00e8re personnel collect\u00e9es et trait\u00e9es ;<\/li>\n \t<li>Sur les destinataires de ces donn\u00e9es personnelles ;<\/li>\n \t<li>Sur la politique du site en mati\u00e8re de cookies.<\/li>\n<\/ul>\nCette politique compl\u00e8te les mentions l\u00e9gales consultables par les utilisateurs.\n\nConform\u00e9ment \u00e0 l\u2019article 5 du R\u00e8glement europ\u00e9en 2016\/679, les donn\u00e9es \u00e0 caract\u00e8re personnel sont :\n<ul>\n \t<li>Trait\u00e9es de mani\u00e8re licite, loyale et transparente au regard de la personne concern\u00e9e ;<\/li>\n \t<li>Collect\u00e9es pour des finalit\u00e9s d\u00e9termin\u00e9es (cf. Article 3.1 des pr\u00e9sentes), explicites et l\u00e9gitimes, et ne pas \u00eatre trait\u00e9es ult\u00e9rieurement d\u2019une mani\u00e8re incompatible avec ces finalit\u00e9s ;<\/li>\n \t<li>Ad\u00e9quates, pertinentes et limit\u00e9es \u00e0 ce qui est n\u00e9cessaire au regard des finalit\u00e9s pour lesquelles elles sont trait\u00e9es ;<\/li>\n \t<li>Exactes et, si n\u00e9cessaire, tenues \u00e0 jour. Toutes les mesures raisonnables doivent \u00eatre prises pour que les donn\u00e9es \u00e0 caract\u00e8re personnel qui sont inexactes, eu \u00e9gard aux finalit\u00e9s pour lesquelles elles sont trait\u00e9es, soient effac\u00e9es ou rectifi\u00e9es sans tarder ;<\/li>\n \t<li>Conserv\u00e9es sous une forme permettant l\u2019identification des personnes concern\u00e9es pendant une dur\u00e9e n\u2019exc\u00e9dant pas celle n\u00e9cessaire au regard des finalit\u00e9s pour lesquelles elles sont trait\u00e9es ;<\/li>\n \t<li>Trait\u00e9es de fa\u00e7on \u00e0 garantir une s\u00e9curit\u00e9 appropri\u00e9e des donn\u00e9es collect\u00e9es, y compris la protection contre le traitement non autoris\u00e9 ou illicite et contre la perte, la destruction ou les d\u00e9g\u00e2ts d\u2019origine accidentelle, \u00e0 l\u2019aide de mesures techniques ou organisationnelles appropri\u00e9es.<\/li>\n<\/ul>\nLe traitement n\u2019est licite que si, et dans la mesure o\u00f9, au moins une des conditions suivantes est remplie :\n<ul>\n \t<li>La personne concern\u00e9e a consenti au traitement de ses donn\u00e9es \u00e0 caract\u00e8re personnel pour une ou plusieurs finalit\u00e9s sp\u00e9cifiques ;<\/li>\n \t<li>Le traitement est n\u00e9cessaire \u00e0 l\u2019ex\u00e9cution d\u2019un contrat auquel la personne concern\u00e9e est partie ou \u00e0 l\u2019ex\u00e9cution de mesures pr\u00e9contractuelles prises \u00e0 la demande de celle-ci ;<\/li>\n \t<li>Le traitement est n\u00e9cessaire au respect d\u2019une obligation l\u00e9gale \u00e0 laquelle le responsable du traitement est soumis ;<\/li>\n \t<li>Le traitement est n\u00e9cessaire \u00e0 la sauvegarde des int\u00e9r\u00eats vitaux de la personne concern\u00e9e ou d\u2019une autre personne physique ;<\/li>\n \t<li>Le traitement est n\u00e9cessaire \u00e0 l\u2019ex\u00e9cution d\u2019une mission d\u2019int\u00e9r\u00eat public ou relevant de l\u2019exercice de l\u2019autorit\u00e9 publique dont est investi le responsable du traitement ;<\/li>\n \t<li>Le traitement est n\u00e9cessaire aux fins des int\u00e9r\u00eats l\u00e9gitimes poursuivis par le responsable du traitement ou par un tiers, \u00e0 moins que ne pr\u00e9valent les int\u00e9r\u00eats ou les libert\u00e9s et droits fondamentaux de la personne concern\u00e9e qui exigent une protection des donn\u00e9es \u00e0 caract\u00e8re personnel, notamment lorsque la personne concern\u00e9e est un enfant.<\/li>\n<\/ul>\nTout utilisateur concern\u00e9 par le traitement de ses donn\u00e9es personnelles peut se pr\u00e9valoir des droits suivants, en application du r\u00e8glement europ\u00e9en 2016\/679 et de la Loi Informatique et Libert\u00e9 (Loi 78-17 du 6 janvier 1978) :\n<ul>\n \t<li>Droit d\u2019acc\u00e8s, de rectification et droit \u00e0 l\u2019effacement des donn\u00e9es (pos\u00e9s respectivement aux articles 15, 16 et 17 du RGPD) ;<\/li>\n \t<li>Droit \u00e0 la portabilit\u00e9 des donn\u00e9es (article 20 du RGPD) ;<\/li>\n \t<li>Droit \u00e0 la limitation (article 18 du RGPD) et \u00e0 l\u2019opposition du traitement des donn\u00e9es (article 21 du RGPD) ;<\/li>\n \t<li>Droit de ne pas faire l\u2019objet d\u2019une d\u00e9cision fond\u00e9e exclusivement sur un proc\u00e9d\u00e9 automatis\u00e9 ;<\/li>\n \t<li>Droit de d\u00e9terminer le sort des donn\u00e9es apr\u00e8s la mort ;<\/li>\n \t<li>Droit de saisir l\u2019autorit\u00e9 de contr\u00f4le comp\u00e9tente (article 77 du RGPD).<\/li>\n<\/ul>\nPour exercer vos droits, veuillez adresser votre courrier \u00e0 la Distillerie Tessendier ou par mail \u00e0 sales<a href=\"mailto:contact@parkcognac.com\">@<\/a>distillerie-tessendier.com\n\nAfin que le responsable du traitement des donn\u00e9es puisse faire droit \u00e0 sa demande, l\u2019utilisateur peut \u00eatre tenu de lui communiquer certaines informations telles que : ses noms et pr\u00e9noms, son adresse e-mail ainsi que son num\u00e9ro de compte, d\u2019espace personnel ou d\u2019abonn\u00e9.\n\nConsultez le site <a style=\"color:#b9924f\" href=\"https:\/\/www.cnil.fr\/fr\">https:\/\/www.cnil.fr\/fr<\/a> pour plus d\u2019informations sur vos droits.\t\t\t\t\t\t<\/div>\n\t\t\t\t<\/div>\n\t\t\t\t\t<\/div>\n\t\t\t\t<\/div>\n\t\t\t\t<\/div>","protected":false},"excerpt":{"rendered":"<p>POLITIQUE DE CONFIDENTIALITE La pr\u00e9sente politique de confidentialit\u00e9 a pour but d\u2019informer les utilisateurs du site : Sur la mani\u00e8re dont sont collect\u00e9es leurs donn\u00e9es personnelles. Sont consid\u00e9r\u00e9es comme des donn\u00e9es personnelles, toute information permettant d\u2019identifier un utilisateur. A ce titre, il peut s\u2019agir : de ses noms et pr\u00e9noms, de son \u00e2ge, de son [&hellip;]<\/p>\n","protected":false},"author":1,"featured_media":0,"parent":0,"menu_order":0,"comment_status":"closed","ping_status":"closed","template":"","meta":{"footnotes":""},"class_list":["post-77477","page","type-page","status-publish","hentry"],"yoast_head":"<!-- This site is optimized with the Yoast SEO plugin v27.3 - https:\/\/yoast.com\/product\/yoast-seo-wordpress\/ -->\n<title>Politique de Confidentialit\u00e9 - Cognac Park<\/title>\n<meta name=\"robots\" content=\"index, follow, max-snippet:-1, max-image-preview:large, max-video-preview:-1\" \/>\n<link rel=\"canonical\" href=\"https:\/\/www.park-cognac.com\/en\/politique-de-confidentialite\/\" \/>\n<meta property=\"og:locale\" content=\"en_US\" \/>\n<meta property=\"og:type\" content=\"article\" \/>\n<meta property=\"og:title\" content=\"Politique de Confidentialit\u00e9 - Cognac Park\" \/>\n<meta property=\"og:description\" content=\"POLITIQUE DE CONFIDENTIALITE La pr\u00e9sente politique de confidentialit\u00e9 a pour but d\u2019informer les utilisateurs du site : Sur la mani\u00e8re dont sont collect\u00e9es leurs donn\u00e9es personnelles. Sont consid\u00e9r\u00e9es comme des donn\u00e9es personnelles, toute information permettant d\u2019identifier un utilisateur. A ce titre, il peut s\u2019agir : de ses noms et pr\u00e9noms, de son \u00e2ge, de son [&hellip;]\" \/>\n<meta property=\"og:url\" content=\"https:\/\/www.park-cognac.com\/en\/politique-de-confidentialite\/\" \/>\n<meta property=\"og:site_name\" content=\"Cognac Park\" \/>\n<meta property=\"article:publisher\" content=\"https:\/\/www.facebook.com\/CognacPark\" \/>\n<meta property=\"article:modified_time\" content=\"2024-10-11T07:40:46+00:00\" \/>\n<meta name=\"twitter:card\" content=\"summary_large_image\" \/>\n<meta name=\"twitter:label1\" content=\"Est. reading time\" \/>\n\t<meta name=\"twitter:data1\" content=\"4 minutes\" \/>\n<script type=\"application\/ld+json\" class=\"yoast-schema-graph\">{\"@context\":\"https:\\\/\\\/schema.org\",\"@graph\":[{\"@type\":\"WebPage\",\"@id\":\"https:\\\/\\\/www.park-cognac.com\\\/politique-de-confidentialite\\\/\",\"url\":\"https:\\\/\\\/www.park-cognac.com\\\/politique-de-confidentialite\\\/\",\"name\":\"Politique de Confidentialit\u00e9 - Cognac Park\",\"isPartOf\":{\"@id\":\"https:\\\/\\\/www.park-cognac.com\\\/#website\"},\"datePublished\":\"2024-09-19T12:08:32+00:00\",\"dateModified\":\"2024-10-11T07:40:46+00:00\",\"breadcrumb\":{\"@id\":\"https:\\\/\\\/www.park-cognac.com\\\/politique-de-confidentialite\\\/#breadcrumb\"},\"inLanguage\":\"en-US\",\"potentialAction\":[{\"@type\":\"ReadAction\",\"target\":[\"https:\\\/\\\/www.park-cognac.com\\\/politique-de-confidentialite\\\/\"]}]},{\"@type\":\"BreadcrumbList\",\"@id\":\"https:\\\/\\\/www.park-cognac.com\\\/politique-de-confidentialite\\\/#breadcrumb\",\"itemListElement\":[{\"@type\":\"ListItem\",\"position\":1,\"name\":\"Accueil\",\"item\":\"https:\\\/\\\/www.park-cognac.com\\\/\"},{\"@type\":\"ListItem\",\"position\":2,\"name\":\"Politique de Confidentialit\u00e9\"}]},{\"@type\":\"WebSite\",\"@id\":\"https:\\\/\\\/www.park-cognac.com\\\/#website\",\"url\":\"https:\\\/\\\/www.park-cognac.com\\\/\",\"name\":\"Cognac Park\",\"description\":\"\",\"publisher\":{\"@id\":\"https:\\\/\\\/www.park-cognac.com\\\/#organization\"},\"potentialAction\":[{\"@type\":\"SearchAction\",\"target\":{\"@type\":\"EntryPoint\",\"urlTemplate\":\"https:\\\/\\\/www.park-cognac.com\\\/?s={search_term_string}\"},\"query-input\":{\"@type\":\"PropertyValueSpecification\",\"valueRequired\":true,\"valueName\":\"search_term_string\"}}],\"inLanguage\":\"en-US\"},{\"@type\":\"Organization\",\"@id\":\"https:\\\/\\\/www.park-cognac.com\\\/#organization\",\"name\":\"Cognac Park\",\"url\":\"https:\\\/\\\/www.park-cognac.com\\\/\",\"logo\":{\"@type\":\"ImageObject\",\"inLanguage\":\"en-US\",\"@id\":\"https:\\\/\\\/www.park-cognac.com\\\/#\\\/schema\\\/logo\\\/image\\\/\",\"url\":\"https:\\\/\\\/www.park-cognac.com\\\/wp-content\\\/uploads\\\/2024\\\/07\\\/logo-park.jpg\",\"contentUrl\":\"https:\\\/\\\/www.park-cognac.com\\\/wp-content\\\/uploads\\\/2024\\\/07\\\/logo-park.jpg\",\"width\":813,\"height\":813,\"caption\":\"Cognac Park\"},\"image\":{\"@id\":\"https:\\\/\\\/www.park-cognac.com\\\/#\\\/schema\\\/logo\\\/image\\\/\"},\"sameAs\":[\"https:\\\/\\\/www.facebook.com\\\/CognacPark\",\"https:\\\/\\\/www.linkedin.com\\\/company\\\/distillerie-tessendier-et-fils\\\/?originalSubdomain=fr\"]}]}<\/script>\n<!-- \/ Yoast SEO plugin. -->","yoast_head_json":{"title":"Politique de Confidentialit\u00e9 - Cognac Park","robots":{"index":"index","follow":"follow","max-snippet":"max-snippet:-1","max-image-preview":"max-image-preview:large","max-video-preview":"max-video-preview:-1"},"canonical":"https:\/\/www.park-cognac.com\/en\/politique-de-confidentialite\/","og_locale":"en_US","og_type":"article","og_title":"Politique de Confidentialit\u00e9 - Cognac Park","og_description":"POLITIQUE DE CONFIDENTIALITE La pr\u00e9sente politique de confidentialit\u00e9 a pour but d\u2019informer les utilisateurs du site : Sur la mani\u00e8re dont sont collect\u00e9es leurs donn\u00e9es personnelles. Sont consid\u00e9r\u00e9es comme des donn\u00e9es personnelles, toute information permettant d\u2019identifier un utilisateur. A ce titre, il peut s\u2019agir : de ses noms et pr\u00e9noms, de son \u00e2ge, de son [&hellip;]","og_url":"https:\/\/www.park-cognac.com\/en\/politique-de-confidentialite\/","og_site_name":"Cognac Park","article_publisher":"https:\/\/www.facebook.com\/CognacPark","article_modified_time":"2024-10-11T07:40:46+00:00","twitter_card":"summary_large_image","twitter_misc":{"Est. reading time":"4 minutes"},"schema":{"@context":"https:\/\/schema.org","@graph":[{"@type":"WebPage","@id":"https:\/\/www.park-cognac.com\/politique-de-confidentialite\/","url":"https:\/\/www.park-cognac.com\/politique-de-confidentialite\/","name":"Politique de Confidentialit\u00e9 - Cognac Park","isPartOf":{"@id":"https:\/\/www.park-cognac.com\/#website"},"datePublished":"2024-09-19T12:08:32+00:00","dateModified":"2024-10-11T07:40:46+00:00","breadcrumb":{"@id":"https:\/\/www.park-cognac.com\/politique-de-confidentialite\/#breadcrumb"},"inLanguage":"en-US","potentialAction":[{"@type":"ReadAction","target":["https:\/\/www.park-cognac.com\/politique-de-confidentialite\/"]}]},{"@type":"BreadcrumbList","@id":"https:\/\/www.park-cognac.com\/politique-de-confidentialite\/#breadcrumb","itemListElement":[{"@type":"ListItem","position":1,"name":"Accueil","item":"https:\/\/www.park-cognac.com\/"},{"@type":"ListItem","position":2,"name":"Politique de Confidentialit\u00e9"}]},{"@type":"WebSite","@id":"https:\/\/www.park-cognac.com\/#website","url":"https:\/\/www.park-cognac.com\/","name":"Cognac Park","description":"","publisher":{"@id":"https:\/\/www.park-cognac.com\/#organization"},"potentialAction":[{"@type":"SearchAction","target":{"@type":"EntryPoint","urlTemplate":"https:\/\/www.park-cognac.com\/?s={search_term_string}"},"query-input":{"@type":"PropertyValueSpecification","valueRequired":true,"valueName":"search_term_string"}}],"inLanguage":"en-US"},{"@type":"Organization","@id":"https:\/\/www.park-cognac.com\/#organization","name":"Cognac Park","url":"https:\/\/www.park-cognac.com\/","logo":{"@type":"ImageObject","inLanguage":"en-US","@id":"https:\/\/www.park-cognac.com\/#\/schema\/logo\/image\/","url":"https:\/\/www.park-cognac.com\/wp-content\/uploads\/2024\/07\/logo-park.jpg","contentUrl":"https:\/\/www.park-cognac.com\/wp-content\/uploads\/2024\/07\/logo-park.jpg","width":813,"height":813,"caption":"Cognac Park"},"image":{"@id":"https:\/\/www.park-cognac.com\/#\/schema\/logo\/image\/"},"sameAs":["https:\/\/www.facebook.com\/CognacPark","https:\/\/www.linkedin.com\/company\/distillerie-tessendier-et-fils\/?originalSubdomain=fr"]}]}},"_links":{"self":[{"href":"https:\/\/www.park-cognac.com\/en\/wp-json\/wp\/v2\/pages\/77477","targetHints":{"allow":["GET"]}}],"collection":[{"href":"https:\/\/www.park-cognac.com\/en\/wp-json\/wp\/v2\/pages"}],"about":[{"href":"https:\/\/www.park-cognac.com\/en\/wp-json\/wp\/v2\/types\/page"}],"author":[{"embeddable":true,"href":"https:\/\/www.park-cognac.com\/en\/wp-json\/wp\/v2\/users\/1"}],"replies":[{"embeddable":true,"href":"https:\/\/www.park-cognac.com\/en\/wp-json\/wp\/v2\/comments?post=77477"}],"version-history":[{"count":37,"href":"https:\/\/www.park-cognac.com\/en\/wp-json\/wp\/v2\/pages\/77477\/revisions"}],"predecessor-version":[{"id":78834,"href":"https:\/\/www.park-cognac.com\/en\/wp-json\/wp\/v2\/pages\/77477\/revisions\/78834"}],"wp:attachment":[{"href":"https:\/\/www.park-cognac.com\/en\/wp-json\/wp\/v2\/media?parent=77477"}],"curies":[{"name":"wp","href":"https:\/\/api.w.org\/{rel}","templated":true}]}}